{"id":3,"date":"2024-08-14T15:59:18","date_gmt":"2024-08-14T13:59:18","guid":{"rendered":"https:\/\/buscke.de\/?page_id=3"},"modified":"2025-03-26T07:52:36","modified_gmt":"2025-03-26T06:52:36","slug":"datenschutzerklaerung","status":"publish","type":"page","link":"https:\/\/buscke.de\/?page_id=3","title":{"rendered":"Datenschutzerkl\u00e4rung"},"content":{"rendered":"\n<h2 class=\"wp-block-heading\">Datenschutz<\/h2>\n\n\n\n<p><strong>Einf\u00fchrung<\/strong><br>In diesen Datenschutzbestimmungen stellt Herr Dipl.-Psych. Mark Buscke seine Vorgehensweise bez\u00fcglich der von Benutzern erfassten Daten, die auf diese Webseite unter zugreifen oder auf andere Weise personenbezogene Daten bereitstellen (gemeinsam: \u201eBenutzer\u201c), dar.<\/p>\n\n\n\n<p>Zust\u00e4ndige Person im Sinne der Datenschutz-Grundverordnung (DSGVO):<\/p>\n\n\n\n<p>Der Hamburgische Beauftragter F\u00fcr Datenschutz<br>Ludwig-Erhard-Str. 22. 7. Stock<br>20459 Hamburg<br>Tel.: 040\/42854-4000<br>E-Mail: mailbox@datenschutz.hamburg.de<\/p>\n\n\n\n<p><strong>Benutzerrechte<\/strong><br>Sie haben folgende Rechte:<br>\u2022 Eine Best\u00e4tigung, ob und inwieweit Ihre personenbezogenen Daten verwendet  und verarbeitet werden, sowie den Zugriff auf die \u00fcber Sie gespeicherten personenbezogenen Daten und zus\u00e4tzliche Informationen anfordern.<br>\u2022 Eine Kopie der personenbezogenen Daten, die Sie mir freiwillig bereitgestellt haben, in einem strukturierten, g\u00e4ngigen und maschinenlesbaren Format anfordern.<br>\u2022 Eine Berichtigung der personenbezogenen Daten, die ich von Ihnen gespeichert habe, anfordern.<br>\u2022 Das L\u00f6schen Ihrer personenbezogenen Daten beantragen.<br>\u2022 Der Verarbeitung Ihrer personenbezogenen Daten widersprechen.<br>\u2022 Die Einschr\u00e4nkung der Verarbeitung Ihrer personenbezogenen Daten beantragen.<br>\u2022 Eine Beschwerde bei einer Aufsichtsbeh\u00f6rde einreichen.<\/p>\n\n\n\n<p>Beachten Sie jedoch, dass diese Rechte nicht uneingeschr\u00e4nkt gelten, sondern meinen eigenen rechtm\u00e4\u00dfigen Interessen sowie beh\u00f6rdlichen Vorschriften unterliegen.<\/p>\n\n\n\n<p>Wenn Sie eines der hier aufgef\u00fchrten Rechte in Anspruch nehmen m\u00f6chten oder weitere Informationen w\u00fcnschen, wenden Sie sich an o.g. Datenschutzbeauftragten.<\/p>\n\n\n\n<p><strong>Speicherung<\/strong><br>Ihre personenbezogenen Daten werden nur so lange gespeichert, wie es f\u00fcr die Bereitstellung meiner Services, die Einhaltung rechtlicher Verpflichtungen sowie die Beilegung von Streitigkeiten und die Durchsetzung meiner Richtlinien erforderlich ist. Die Aufbewahrungsfristen richten sich nach der Art der erfassten Daten und dem Zweck, f\u00fcr den diese Daten erfasst wurden, wobei sowohl die fallspezifischen Gegebenheiten als auch die Notwendigkeit ber\u00fccksichtigt werden, veraltete, nicht genutzte Informationen baldm\u00f6glichst zu l\u00f6schen. Datens\u00e4tze mit personenbezogenen Daten von Kunden, Dokumente \u00fcber die Kontoeinrichtung, Mitteilungen und andere Daten speichere ich gem\u00e4\u00df geltender Gesetze und Vorschriften.<\/p>\n\n\n\n<p>Ich kann jederzeit und in meinem alleinigen Ermessen unvollst\u00e4ndige oder unrichtige Daten korrigieren, vervollst\u00e4ndigen oder entfernen.<\/p>\n\n\n\n<p><strong>Grundlage f\u00fcr die Datenerfassung<\/strong><br>Die Verarbeitung Ihrer personenbezogenen Daten (d.h. jegliche Daten, die mit vertretbaren Mitteln eine Identifizierung Ihrer Person zulassen; \u201epersonenbezogene Daten\u201c) ist erforderlich, um meinen vertraglichen Verpflichtungen Ihnen gegen\u00fcber nachzukommen und damit ich Ihnen meine Services bereitstellen, mein legitimes Interesse sch\u00fctzen sowie rechtlichen und finanziellen Regulierungsverpflichtungen, denen ich unterworfen bin, nachkommen k\u00f6nnen.<\/p>\n\n\n\n<p>Durch die Nutzung dieser Webseite stimmen Sie der Erfassung, Speicherung, Verwendung, Offenlegung und sonstigen Nutzung Ihrer personenbezogenen Daten wie in diesen Datenschutzbestimmungen beschrieben zu.<\/p>\n\n\n\n<p>Bitte lesen Sie sich die Datenschutzbestimmungen sorgf\u00e4ltig durch, bevor Sie Entscheidungen treffen.<\/p>\n\n\n\n<p><strong>Welche Daten werden erfasst?<\/strong><br>Erfasst werden zwei Arten von Daten und Informationen von Benutzern.<\/p>\n\n\n\n<p>Zur ersten Kategorie geh\u00f6ren nicht identifizierende und nicht identifizierbare Benutzerdaten, die durch die Nutzung der Webseite bereitgestellt oder erfasst werden (\u201eNicht personenbezogene Daten\u201d). Ich kenne die Identit\u00e4t des Benutzers nicht, von dem nicht personenbezogene Daten erfasst wurden. Zu den nicht personenbezogenen Daten, die erfasst werden k\u00f6nnen, geh\u00f6ren aggregierte Nutzungsdaten und technische Daten, die von Ihrem Ger\u00e4t \u00fcbermittelt werden, einschlie\u00dflich bestimmter Informationen bez\u00fcglich Software und Hardware (z. B. auf dem Ger\u00e4t verwendeter Browser und verwendetes Betriebssystem, Spracheinstellung, Zugriffszeit usw.). Anhand dieser Daten verbessere ich die Funktionalit\u00e4t meiner Webseite. Daten \u00fcber Ihre Aktivit\u00e4t auf dieser Webseite k\u00f6nnen auch erfasst werden (z. B. aufgerufene Seiten, Surfverhalten, Klicks, Aktionen usw.).<\/p>\n\n\n\n<p>Zur zweiten Kategorie geh\u00f6ren personenbezogene Daten, also Daten, die eine Einzelperson identifizieren oder durch angemessene Ma\u00dfnahmen identifizieren k\u00f6nnen. Zu solchen Daten geh\u00f6ren:<br>\u2022 Ger\u00e4tedaten: Es k\u00f6nnen personenbezogene Daten von Ihrem Ger\u00e4t erfasst werden. Solche Daten umfassen Geolocation-Daten, IP-Adresse, eindeutige Kennungen (z. B. MAC-Adresse und UUID) sowie andere Daten, die sich aus Ihrer Aktivit\u00e4t auf der Webseite ergeben.<\/p>\n\n\n\n<p><strong>Wie erhalte ich Daten \u00fcber Sie?<\/strong><br>Bezogen werden Ihre personenbezogenen Daten aus verschiedenen Quellen:<br>\u2022 Sie stellen mir solche Daten freiwillig bereit, zum Beispiel bei der Registrierung auf meiner Webseite.<br>\u2022 Ich erhalte solche Daten, wenn Sie meine Webseite nutzen.<br>\u2022 Ich erhalte solche Daten von anderen Anbietern, Services und aus \u00f6ffentlichen Registern (zum Beispiel von Datentraffic-Analyseanbietern).<\/p>\n\n\n\n<p><strong>Wie werden die Daten genutzt? Weitergabe der Daten?<\/strong><br>Ich gebe Benutzerdaten nicht an Dritte weiter, au\u00dfer wie in diesen Datenschutzbestimmungen beschrieben.<\/p>\n\n\n\n<p><strong>Ich verwende Daten f\u00fcr folgende Zwecke:<\/strong><br>\u2022 Zur Kommunikation mit Ihnen (Senden von Hinweisen bez\u00fcglich meiner Services, Bereitstellen von Informationen)<br>\u2022 Zu statistischen und Analysezwecken, die der Verbesserung der Webseite dienen<br>Daten k\u00f6nnen auch offenlegt werden, wenn ich im guten Glauben bin, dies ist hilfreich oder angemessen, um: (i) geltenden Gesetzen, Vorschriften, Gerichtsverfahren oder beh\u00f6rdlichen Anfragen zu entsprechen; (ii) meine Richtlinien (einschlie\u00dflich meiner Vereinbarung) durchzusetzen und ggf. diesbez\u00fcgliche m\u00f6gliche Verletzungen zu untersuchen; (iii) illegale Aktivit\u00e4ten oder anderes Fehlverhalten, Betrugsverdacht oder Sicherheitsprobleme zu untersuchen, zu erkennen, zu verhindern oder Ma\u00dfnahmen dagegen zu ergreifen; (iv) eigene Rechtsanspr\u00fcche geltend zu machen oder durchzusetzen bzw. mich gegen die Anspr\u00fcche anderer zu verteidigen; (v) die Rechte, das Eigentum oder meine Sicherheit, die Sicherheit meiner Benutzer, Ihre Sicherheit oder die Sicherheit von Dritten zu sch\u00fctzen; oder um (vi) mit Strafverfolgungsbeh\u00f6rden zusammenzuarbeiten und\/oder geistiges Eigentum oder andere Rechtsanspr\u00fcche zu sch\u00fctzen.<\/p>\n\n\n\n<p><strong>Cookies<\/strong><br>F\u00fcr die Bereitstellung entsprechender Services verwende ich oder meine Partner Cookies. Dies gilt auch, wenn Sie meine Webseite besuchen oder auf meine Services zugreifen.<\/p>\n\n\n\n<p>Bei einem \u201eCookie\u201c handelt es sich um ein kleines Datenpaket, das Ihrem Ger\u00e4t beim Besuch einer Webseite von dieser Webseite zugeordnet wird. Cookies sind n\u00fctzlich und k\u00f6nnen f\u00fcr unterschiedliche Zwecke eingesetzt werden. Dazu geh\u00f6ren z.B. die erleichterte Navigation zwischen verschiedenen Seiten, die automatische Aktivierung bestimmter Funktionen, das Speichern Ihrer Einstellungen sowie ein optimierter Zugriff auf meine Services. Die Verwendung von Cookies erm\u00f6glicht mir au\u00dferdem statistische Informationen zu Ihrer Nutzung meiner Services zu sammeln.<\/p>\n\n\n\n<p><strong>Diese Webseite verwendet folgende Arten von Cookies:<\/strong><\/p>\n\n\n\n<p>a. \u201eSitzungscookies\u201c , die f\u00fcr eine normale Systemnutzung sorgen. Sitzungscookies werden nur f\u00fcr begrenzte Zeit w\u00e4hrend einer Sitzung gespeichert und von Ihrem Ger\u00e4t gel\u00f6scht, sobald Sie Ihren Browser schlie\u00dfen.<\/p>\n\n\n\n<p>b. \u201ePermanente Cookies\u201c, die nur von der Webseite gelesen und beim Schlie\u00dfen des Browserfensters nicht gel\u00f6scht, sondern f\u00fcr eine bestimmte Dauer auf Ihrem Computer gespeichert werden. Diese Art von Cookie erm\u00f6glicht es, Sie bei Ihrem n\u00e4chsten Besuch zu identifizieren und beispielsweise Ihre Einstellungen zu speichern.<\/p>\n\n\n\n<p>c. \u201eDrittanbieter-Cookies\u201c , die von anderen Online-Diensten gesetzt werden, die mit eigenen Inhalten auf der von Ihnen besuchten Seite vertreten sind. Dies k\u00f6nnen z.B. externe Web-Analytics-Unternehmen sein, die den Zugriff auf meine Webseite erfassen und analysieren.<\/p>\n\n\n\n<p>Cookies enthalten keine personenbezogenen Daten, die Sie identifizieren, doch die von mir gespeicherten personenbezogenen Daten werden m\u00f6glicherweise von mir mit den in den Cookies enthaltenen Daten verkn\u00fcpft. Sie k\u00f6nnen Cookies \u00fcber die Ger\u00e4teeinstellungen Ihres Ger\u00e4t entfernen. Folgen Sie dabei den entsprechenden Anweisungen. Beachten Sie, dass die Deaktivierung von Cookies zur Einschr\u00e4nkung bestimmter Funktionen bei der Nutzung meiner Webseite f\u00fchren kann.<\/p>\n\n\n\n<p>Das von mir verwendete Tool basiert auf der Technologie von Snowplow Analytics. Zu den von mir erfassten Daten zur Nutzung meiner Webseite geh\u00f6ren beispielsweise, wie h\u00e4ufig Benutzer die Webseite besuchen oder welche Bereiche aufgerufen werden. Das von mir verwendete Tool erfasst keine personenbezogenen Daten und wird von meinem Webhosting-Anbieter und Service-Provider ausschlie\u00dflich zur Verbesserung des eigenen Angebots verwendet.<\/p>\n\n\n\n<p><strong>Verwendung von Skriptbibliotheken (Google Web Fonts)<\/strong><br>Damit meine Inhalte in jedem Browser korrekt und grafisch ansprechend dargestellt werden, verwende ich f\u00fcr diese Webseite Skript- und Schriftbibliotheken wie Google Web Fonts (https:\/\/www.google.com\/webfonts). Google Web Fonts werden in den Cache Ihres Browsers \u00fcbertragen, sodass sie nur einmal geladen werden m\u00fcssen. Wenn Ihr Browser Google Web Fonts nicht unterst\u00fctzt oder den Zugriff verweigert, werden die Inhalte in einer Standardschriftart dargestellt.<br>\u2022 Beim Aufrufen von Skript- oder Schriftbibliotheken wird automatisch eine Verbindung zum Betreiber der Bibliothek hergestellt. Es besteht hierbei theoretisch die M\u00f6glichkeit f\u00fcr diesen Betreiber, Daten zu erfassen. Derzeit ist nicht bekannt, ob und zu welchem Zweck die Betreiber der entsprechenden Bibliotheken tats\u00e4chlich Daten erfassen.<br>\u2022 Hier finden Sie die Datenschutzbestimmungen des Betreibers der Google-Bibliothek: https:\/\/www.google.com\/policies\/privacy.<br>Erfassung von Daten durch Dritte<br>In dieser Richtlinie werden nur die Nutzung und Offenlegung von Daten, die ich von Ihnen erfasse, behandelt. Wenn Sie Daten auf anderen Webseiten ver\u00f6ffentlichen oder Dritten im Internet offenlegen, gelten m\u00f6glicherweise andere Bestimmungen. Lesen Sie sich daher die allgemeinen Gesch\u00e4ftsbedingungen und Datenschutzbestimmungen immer sorgf\u00e4ltig durch, wenn Sie Daten offenlegen.<\/p>\n\n\n\n<p>Diese Datenschutzbestimmungen beziehen sich nicht auf Gesch\u00e4ftspraktiken von Unternehmen, die sich nicht unter meiner Kontrolle befinden, oder auf andere Personen als meine Angestellten und Mitarbeiter, einschlie\u00dflich Dritter, denen ich diese Daten wie in diesen Datenschutzbestimmungen beschrieben offenlege.<\/p>\n\n\n\n<p><strong>Wie sch\u00fctze ich Ihre Daten?<\/strong><br>Ich setze die Sicherheitsma\u00dfnahmen auf dieser Webseite mit gro\u00dfer Sorgfalt um und sch\u00fctze Ihre Daten! Obwohl ich angemessene Schritte f\u00fcr den Schutz von Daten unternehme, kann ich nicht verantwortlich gemacht werden f\u00fcr Handlungen von jenen, die sich unbefugten Zugang zu meiner Webseite verschafft haben oder diese missbr\u00e4uchlich verwenden, und ich gebe keine ausdr\u00fcckliche noch stillschweigende Gew\u00e4hr, dass ich einen solchen Zugriff verhindern kann.<\/p>\n\n\n\n<p><strong>Minderj\u00e4hrige<\/strong><br>Der Schutz der Daten von Kindern ist insbesondere im Online-Bereich sehr wichtig. Die Webseite ist nicht f\u00fcr Kinder konzipiert und richtet sich nicht an diese. Die Nutzung meiner Services durch Minderj\u00e4hrige ist nur mit der vorherigen Einwilligung oder Autorisierung von einem Elternteil oder Erziehungsberechtigten zul\u00e4ssig. Ich erfasse personenbezogene Daten von Minderj\u00e4hrigen nicht wissentlich. Wenn ein Elternteil oder Erziehungsberechtigter Kenntnis davon erlangt, dass sein oder ihr Kind mir personenbezogene Daten ohne deren Einwilligung bereitgestellt hat, kann er\/sie sich via E-Mail oder telefonisch an mich wenden.<\/p>\n\n\n\n<p><strong>Aktualisierungen oder \u00c4nderungen dieser Datenschutzbestimmungen<\/strong><br>Ich behalte mir das Recht vor, diese Datenschutzbestimmungen von Zeit zu Zeit zu \u00e4ndern oder zu pr\u00fcfen. Sie finden das Datum der aktuellen Version unter \u201eZuletzt ge\u00e4ndert am\u201c. Ihre fortgesetzte Nutzung der Plattform nach der Bekanntmachung solcher \u00c4nderungen auf meiner Webseite stellt Ihre Zustimmung zu solchen \u00c4nderungen an den Datenschutzbestimmungen dar und gilt als Ihr Einverst\u00e4ndnis der Bindung an die ge\u00e4nderten Bestimmungen.<\/p>\n\n\n\n<p><strong>So erreichen Sie mich<\/strong><br>Wenden Sie sich bei allgemeinen Fragen zur Webseite, zu den von mir \u00fcber Sie erfassten Daten oder der Verwendung dieser Daten unter den unten aufgef\u00fchrten Kontaktm\u00f6glichkeiten an mich.<\/p>\n\n\n\n<p>Zuletzt ge\u00e4ndert am: 21.11.2024<\/p>\n","protected":false},"excerpt":{"rendered":"<p>Datenschutz Einf\u00fchrungIn diesen Datenschutzbestimmungen stellt Herr Dipl.-Psych. Mark Buscke seine Vorgehensweise bez\u00fcglich der von Benutzern erfassten Daten, die auf diese Webseite unter zugreifen oder auf andere Weise personenbezogene Daten bereitstellen (gemeinsam: \u201eBenutzer\u201c), dar. Zust\u00e4ndige Person im Sinne der Datenschutz-Grundverordnung (DSGVO): Der Hamburgische Beauftragter F\u00fcr DatenschutzLudwig-Erhard-Str. 22. 7. Stock20459 HamburgTel.: 040\/42854-4000E-Mail: mailbox@datenschutz.hamburg.de BenutzerrechteSie haben folgende Rechte:\u2022 [&hellip;]<\/p>\n","protected":false},"author":1,"featured_media":0,"parent":0,"menu_order":0,"comment_status":"closed","ping_status":"closed","template":"","meta":{"footnotes":""},"class_list":["post-3","page","type-page","status-publish","hentry"],"aioseo_notices":[],"_links":{"self":[{"href":"https:\/\/buscke.de\/index.php?rest_route=\/wp\/v2\/pages\/3","targetHints":{"allow":["GET"]}}],"collection":[{"href":"https:\/\/buscke.de\/index.php?rest_route=\/wp\/v2\/pages"}],"about":[{"href":"https:\/\/buscke.de\/index.php?rest_route=\/wp\/v2\/types\/page"}],"author":[{"embeddable":true,"href":"https:\/\/buscke.de\/index.php?rest_route=\/wp\/v2\/users\/1"}],"replies":[{"embeddable":true,"href":"https:\/\/buscke.de\/index.php?rest_route=%2Fwp%2Fv2%2Fcomments&post=3"}],"version-history":[{"count":2,"href":"https:\/\/buscke.de\/index.php?rest_route=\/wp\/v2\/pages\/3\/revisions"}],"predecessor-version":[{"id":349,"href":"https:\/\/buscke.de\/index.php?rest_route=\/wp\/v2\/pages\/3\/revisions\/349"}],"wp:attachment":[{"href":"https:\/\/buscke.de\/index.php?rest_route=%2Fwp%2Fv2%2Fmedia&parent=3"}],"curies":[{"name":"wp","href":"https:\/\/api.w.org\/{rel}","templated":true}]}}